{"id":118,"date":"2019-11-14T13:15:23","date_gmt":"2019-11-14T19:15:23","guid":{"rendered":"https:\/\/idt-hidraulica.com\/shop\/product\/thermal-expansion-absorver-honeywell-tx-12-1104597\/"},"modified":"2024-01-09T22:21:58","modified_gmt":"2024-01-10T04:21:58","slug":"thermal-expansion-absorver-honeywell-tx-12-1104597","status":"publish","type":"product","link":"https:\/\/idt-hidraulica.com\/shop\/product\/thermal-expansion-absorver-honeywell-tx-12-1104597\/","title":{"rendered":"Dep\u00f3sito De Expansi\u00f3n T\u00e9rmica Honeywell Tx-12 De 4,4 Galones"},"content":{"rendered":"<p>Ahorre en el dep\u00f3sito de expansi\u00f3n t\u00e9rmica Honeywell TX-12 de 4. 4 galones. El Dep\u00f3sito de Expansi\u00f3n T\u00e9rmica Honeywell es un dep\u00f3sito de expansi\u00f3n con un diafragma de butilo. El tanque de expansi\u00f3n t\u00e9rmica controla la acumulaci\u00f3n de presi\u00f3n en el sistema, elimina el derrame de la v\u00e1lvula de alivio, protege los accesorios y prolonga la vida \u00fatil del calentador de agua.<\/p>\n<p>Nota:<\/p>\n<p><em><strong>Precios y existencias sujetos a disponibilidad por se productos de alta rotaci\u00f3n.<\/strong><\/em><\/p>\n<p><em><strong>Se recomienda validar antes de hacer su compra.<\/strong><\/em><\/p>\n","protected":false},"excerpt":{"rendered":"<p>Tanque de expansi\u00f3n autoajustable, ideal para reducir transitorios, golpe de ariete, regulaci\u00f3n de la presi\u00f3n en sistemas hidr\u00e1ulicos. Ideal para control de sistemas hidr\u00f3nicos de agua helada, caliente o piso radiante<\/p>\n","protected":false},"featured_media":1508,"comment_status":"open","ping_status":"closed","template":"","meta":[],"product_cat":[55],"product_tag":[],"_links":{"self":[{"href":"https:\/\/idt-hidraulica.com\/shop\/wp-json\/wp\/v2\/product\/118"}],"collection":[{"href":"https:\/\/idt-hidraulica.com\/shop\/wp-json\/wp\/v2\/product"}],"about":[{"href":"https:\/\/idt-hidraulica.com\/shop\/wp-json\/wp\/v2\/types\/product"}],"replies":[{"embeddable":true,"href":"https:\/\/idt-hidraulica.com\/shop\/wp-json\/wp\/v2\/comments?post=118"}],"wp:featuredmedia":[{"embeddable":true,"href":"https:\/\/idt-hidraulica.com\/shop\/wp-json\/wp\/v2\/media\/1508"}],"wp:attachment":[{"href":"https:\/\/idt-hidraulica.com\/shop\/wp-json\/wp\/v2\/media?parent=118"}],"wp:term":[{"taxonomy":"product_cat","embeddable":true,"href":"https:\/\/idt-hidraulica.com\/shop\/wp-json\/wp\/v2\/product_cat?post=118"},{"taxonomy":"product_tag","embeddable":true,"href":"https:\/\/idt-hidraulica.com\/shop\/wp-json\/wp\/v2\/product_tag?post=118"}],"curies":[{"name":"wp","href":"https:\/\/api.w.org\/{rel}","templated":true}]}}