{"id":124,"date":"2019-11-14T13:24:03","date_gmt":"2019-11-14T19:24:03","guid":{"rendered":"https:\/\/idt-hidraulica.com\/shop\/product\/termostato-honeywell-fc-120v-lcd-verde-vertical-t6861v\/"},"modified":"2023-04-14T13:17:59","modified_gmt":"2023-04-14T19:17:59","slug":"termostato-honeywell-fc-120v-lcd-verde-vertical-t6861v","status":"publish","type":"product","link":"https:\/\/idt-hidraulica.com\/shop\/product\/termostato-honeywell-fc-120v-lcd-verde-vertical-t6861v\/","title":{"rendered":"Termostato Honeywell F&#038;c 120v Lcd Verde Vertical T6861v"},"content":{"rendered":"<p>Nota:<\/p>\n<p><em><strong>Precios y existencias sujetos a disponibilidad por se productos de alta rotaci\u00f3n.<\/strong><\/em><\/p>\n<p><em><strong>Se recomienda validar antes de hacer su compra.<\/strong><\/em><\/p>\n","protected":false},"excerpt":{"rendered":"<p>Mca. Honeywell Mod.T6861V1WG. Ideal para control de sistemas de aire acondicionado y calefacci\u00f3n.<\/p>\n<p>Application:<br \/>\nT6862 digital thermostats are designed for application of 3-speed fan and valves in fan coil system.<\/p>\n<p>Including:<br \/>\n2-pipe cool only\/heat only\/manual changeover and 4-pipe manual or automatic changeover Ventilation mode Manual or automatic 3-speed fan control Water valve control Fan speed can be selected to automatic or manual 3-speed control mode. In ventilation mode, fan only support manual speed control.<\/p>\n<p>Features:<br \/>\n\u2022 Super modern appearance design, suitable for office, hotel and residential building<br \/>\n\u2022 Programmable based on 4 periods a day, 7 days a week.<br \/>\n\u2022 Horizontal and vertical model available for variant application<br \/>\n\u2022 Slim design, direct installation on 86 size box<br \/>\n\u2022 Stylish and elegant blue\/green backlight with blue\/green colour ring<br \/>\n\u2022 2-pipe\/4-pipe integrated into one unit with easy configuration<br \/>\n\u2022 Big LCD display with English and icons<br \/>\n\u2022 Easy to install and set-up<br \/>\n\u2022 Real time clock<br \/>\n\u2022 Selectable room temperature or setpoint display<br \/>\n\u2022 Manual or automatic fan speed selection<br \/>\n\u2022 Remote temperature sensor<br \/>\n\u2022 Energy saving mode activation by button press or dry contact (key card)<br \/>\n\u2022 Cycle per Hour (CPH) function<br \/>\n\u2022 Adjustment of display room temperature<br \/>\n\u2022 Temperature unit either o C or oF<br \/>\n\u2022 User setting can be kept when power off<br \/>\n\u2022 Freezing protection function available<br \/>\n\u2022 Lock or unlock keys or part of keys in Installer Setup<br \/>\n\u2022 Heat and cool setpoint limitation for energy saving<\/p>\n<p>APLICACI\u00d3N<br \/>\nLos termostatos digitales T6861 est\u00e1n dise\u00f1ados para el control de los ventiladores de 3 velocidades y las v\u00e1lvulas en sistemas fan &amp; coil, incluyendo las siguientes aplicaciones:<br \/>\n\u2022 2 tubos para s\u00f3lo fr\u00edo\/s\u00f3lo calor\/cambio manual y 4 tubos con cambio manual o autom\u00e1tico<br \/>\n\u2022 Modo de ventilaci\u00f3n<br \/>\n\u2022 Control manual o autom\u00e1tico del ventilador de 3 velocidades<br \/>\n\u2022 Control de la v\u00e1lvula para agua<\/p>\n<p>La velocidad del ventilador se puede seleccionar como modo de control manual o autom\u00e1tico de 3 velocidades. En el modo<br \/>\nde ventilaci\u00f3n, el ventilador s\u00f3lo admite el control manual de velocidades.<\/p>\n<p>CARACTER\u00cdSTICAS<br \/>\n\u2022 Dise\u00f1o de apariencia muy moderno, adecuado para oficinas, hoteles y edificios residenciales<br \/>\n\u2022 Modelos verticales y horizontales disponibles para aplicaciones diferentes<br \/>\n\u2022 Dise\u00f1o delgado, instalaci\u00f3n directa en una caja de 86 x 86 mm \u00f3 en una caja de 2 x 4 pulgadas.<br \/>\n\u2022 Elegante y moderna luz de fondo verde y anillo blanco<br \/>\n\u2022 Control para 2 tubos\/4 tubos integrados en una unidad con f\u00e1cil configuraci\u00f3n<br \/>\n\u2022 Pantalla LCD amplia con visualizaci\u00f3n de \u00edconos y en ingl\u00e9s<br \/>\n\u2022 F\u00e1cil de instalar y configurar<br \/>\n\u2022 Funci\u00f3n para programar el pr\u00f3ximo encendido o apagado dentro de un tiempo seleccionable<br \/>\n\u2022 Se puede seleccionar la visualizaci\u00f3n de la temperatura del ambiente o la del punto de ajuste<br \/>\n\u2022 Selecci\u00f3n de la velocidad del ventilador manual o autom\u00e1tica<br \/>\n\u2022 Opci\u00f3n de Sensor de temperatura remoto<br \/>\n\u2022 Modo de ahorro de energ\u00eda que se activa presionando un bot\u00f3n o por contacto seco (tarjeta de acceso)<br \/>\n\u2022 Funci\u00f3n de ciclos por hora (CPH)<br \/>\n\u2022 Ajustes de la visualizaci\u00f3n de la temperatura ambiente<br \/>\n\u2022 Visualizaci\u00f3n de la temperatura en \u00baC o \u00baF<br \/>\n\u2022 Las configuraciones de los usuarios se guardan aun si se interrumpe la energ\u00eda el\u00e9ctrica<br \/>\n\u2022 Funci\u00f3n de protecci\u00f3n contra el congelamiento disponible<br \/>\n\u2022 Se puede bloquear el teclado completo o ciertas teclas, mediante la configuraci\u00f3n del instalador<br \/>\n\u2022 Es posible fijar l\u00edmites (topes) a los puntos de ajuste de calor y fr\u00edo para ahorrar energ\u00eda<\/p>\n","protected":false},"featured_media":363,"comment_status":"closed","ping_status":"closed","template":"","meta":[],"product_cat":[22],"product_tag":[],"_links":{"self":[{"href":"https:\/\/idt-hidraulica.com\/shop\/wp-json\/wp\/v2\/product\/124"}],"collection":[{"href":"https:\/\/idt-hidraulica.com\/shop\/wp-json\/wp\/v2\/product"}],"about":[{"href":"https:\/\/idt-hidraulica.com\/shop\/wp-json\/wp\/v2\/types\/product"}],"replies":[{"embeddable":true,"href":"https:\/\/idt-hidraulica.com\/shop\/wp-json\/wp\/v2\/comments?post=124"}],"wp:featuredmedia":[{"embeddable":true,"href":"https:\/\/idt-hidraulica.com\/shop\/wp-json\/wp\/v2\/media\/363"}],"wp:attachment":[{"href":"https:\/\/idt-hidraulica.com\/shop\/wp-json\/wp\/v2\/media?parent=124"}],"wp:term":[{"taxonomy":"product_cat","embeddable":true,"href":"https:\/\/idt-hidraulica.com\/shop\/wp-json\/wp\/v2\/product_cat?post=124"},{"taxonomy":"product_tag","embeddable":true,"href":"https:\/\/idt-hidraulica.com\/shop\/wp-json\/wp\/v2\/product_tag?post=124"}],"curies":[{"name":"wp","href":"https:\/\/api.w.org\/{rel}","templated":true}]}}