{"id":149,"date":"2019-11-14T13:46:48","date_gmt":"2019-11-14T19:46:48","guid":{"rendered":"https:\/\/idt-hidraulica.com\/shop\/product\/mini-split-1-ton-220v-frio-calor-r410a\/"},"modified":"2023-04-14T13:18:39","modified_gmt":"2023-04-14T19:18:39","slug":"mini-split-1-ton-220v-frio-calor-r410a","status":"publish","type":"product","link":"https:\/\/idt-hidraulica.com\/shop\/product\/mini-split-1-ton-220v-frio-calor-r410a\/","title":{"rendered":"Mini Split 1 Ton 220v (frio\/calor) R410a"},"content":{"rendered":"<p>Serpent\u00edn de unidad exterior reforzado, el aluminio empleado para su fabricaci\u00f3n es tratado con un compuesto repelente a la humedad, brindando protecci\u00f3n adicional ante brisa salina, lluvia y otros agentes corrosivos.<\/p>\n<p>Compresor eficiente de energ\u00eda, que utiliza un motor de im\u00e1n permanente que ofrece una mayor eficiencia operativa.<\/p>\n<p>TEMPORIZADOR: El temporizador de 24 horas se puede configurar para encender y<br \/>apagar autom\u00e1ticamente el dispositivo.<\/p>\n<p>AUTO-RESET: Si la unidad se detiene inesperadamente debido a un corte de energ\u00eda, la unidad de CA se reiniciar\u00e1 autom\u00e1ticamente en el modo anterior una vez que se restablezca la alimentaci\u00f3n.<\/p>\n<p>MODO de SUE\u00d1O: aumentar\u00e1 autom\u00e1ticamente (enfriando) o disminuir\u00e1 (calentando)<br \/>1 C por hora durante las primeras 2 horas, luego se mantendr\u00e1 firme durante las pr\u00f3ximas 5 horas, despu\u00e9s de que se apague, esta funci\u00f3n mantiene el ahorro de energ\u00eda y la comodidad en la noche.<\/p>\n<p>TURBO: Permite que la unidad suba hasta una temperatura preestablecida en el menor tiempo utilizando ventiladores de flujo transversal de gran di\u00e1metro para proporcionar un flujo de aire alto y reducir al m\u00ednimo los niveles de ruido.<\/p>\n<p>Nota:<\/p>\n<p><em><strong>Precios y existencias sujetos a disponibilidad por se productos de alta rotaci\u00f3n.<\/strong><\/em><\/p>\n<p><em><strong>Se recomienda validar antes de hacer su compra.<\/strong><\/em><\/p>\n","protected":false},"excerpt":{"rendered":"<p>Serpent\u00edn de unidad exterior reforzado, el aluminio empleado para su fabricaci\u00f3n es tratado con un compuesto repelente a la humedad, brindando protecci\u00f3n adicional ante brisa salina, lluvia y otros agentes corrosivos.<\/p>\n<p>Compresor eficiente de energ\u00eda, que utiliza un motor de im\u00e1n permanente que ofrece una mayor eficiencia operativa.<\/p>\n<p>TEMPORIZADOR: El temporizador de 24 horas se puede configurar para encender y<br \/>\napagar autom\u00e1ticamente el dispositivo.<\/p>\n<p>AUTO-RESET: Si la unidad se detiene inesperadamente debido a un corte de energ\u00eda, la unidad de CA se reiniciar\u00e1 autom\u00e1ticamente en el modo anterior una vez que se restablezca la alimentaci\u00f3n.<\/p>\n<p>MODO de SUE\u00d1O: aumentar\u00e1 autom\u00e1ticamente (enfriando) o disminuir\u00e1 (calentando)<br \/>\n1 C por hora durante las primeras 2 horas, luego se mantendr\u00e1 firme durante las pr\u00f3ximas 5 horas, despu\u00e9s de que se apague, esta funci\u00f3n mantiene el ahorro de energ\u00eda y la comodidad en la noche.<\/p>\n<p>TURBO: Permite que la unidad suba hasta una temperatura preestablecida en el menor tiempo utilizando ventiladores de flujo transversal de gran di\u00e1metro para proporcionar un flujo de aire alto y reducir al m\u00ednimo los niveles de ruido.<\/p>\n","protected":false},"featured_media":396,"comment_status":"closed","ping_status":"closed","template":"","meta":[],"product_cat":[20],"product_tag":[],"_links":{"self":[{"href":"https:\/\/idt-hidraulica.com\/shop\/wp-json\/wp\/v2\/product\/149"}],"collection":[{"href":"https:\/\/idt-hidraulica.com\/shop\/wp-json\/wp\/v2\/product"}],"about":[{"href":"https:\/\/idt-hidraulica.com\/shop\/wp-json\/wp\/v2\/types\/product"}],"replies":[{"embeddable":true,"href":"https:\/\/idt-hidraulica.com\/shop\/wp-json\/wp\/v2\/comments?post=149"}],"wp:featuredmedia":[{"embeddable":true,"href":"https:\/\/idt-hidraulica.com\/shop\/wp-json\/wp\/v2\/media\/396"}],"wp:attachment":[{"href":"https:\/\/idt-hidraulica.com\/shop\/wp-json\/wp\/v2\/media?parent=149"}],"wp:term":[{"taxonomy":"product_cat","embeddable":true,"href":"https:\/\/idt-hidraulica.com\/shop\/wp-json\/wp\/v2\/product_cat?post=149"},{"taxonomy":"product_tag","embeddable":true,"href":"https:\/\/idt-hidraulica.com\/shop\/wp-json\/wp\/v2\/product_tag?post=149"}],"curies":[{"name":"wp","href":"https:\/\/api.w.org\/{rel}","templated":true}]}}