{"id":732,"date":"2022-09-16T16:56:09","date_gmt":"2022-09-16T22:56:09","guid":{"rendered":"https:\/\/idt-hidraulica.com\/shop\/?post_type=product&#038;p=732"},"modified":"2024-01-09T22:15:33","modified_gmt":"2024-01-10T04:15:33","slug":"mini-split-cassette-bib-kit-speed-clean","status":"publish","type":"product","link":"https:\/\/idt-hidraulica.com\/shop\/product\/mini-split-cassette-bib-kit-speed-clean\/","title":{"rendered":"Mini-Split Cassette Bib\u00ae Kit &#8211; Speed Clean"},"content":{"rendered":"<p>Lo m\u00e1s nuevo en la l\u00ednea de soluciones innovadoras de limpieza sin ductos.<\/p>\n<p>La limpieza de cassettes de techo sin ductos es una tarea abrumadora, pero ahora la hemos hecho mucho m\u00e1s f\u00e1cil. Usar agua a presi\u00f3n y un limpiador de bobinas es la clave para una buena limpieza de bobinas. Nuestro kit de babero de casete sin conductos se instala en segundos y crea r\u00e1pidamente un embudo seguro donde toda el agua y el limpiador se depositan de manera segura en un balde. S\u00faper f\u00e1cil de usar y realmente efectivo.<\/p>\n<ul>\n<li>R\u00e1pido de configurar y f\u00e1cil de mover de un trabajo a otro.<\/li>\n<li>reutilizable<\/li>\n<li>Incluye l\u00ednea de drenaje de 10\u2032.<\/li>\n<li>Mantiene las paredes y los pisos a salvo del agua y el exceso de rociado.<\/li>\n<li>Reutilizable: menor costo de propiedad<\/li>\n<li>Se adapta a sistemas de cassette de techo de hasta 48\u2033 (121.92 cm)de ancho<\/li>\n<li>Limpie r\u00e1pidamente las unidades empotradas en el techo sin ductos<\/li>\n<li>Permite una limpieza r\u00e1pida y f\u00e1cil de bobinas, aspas de ventiladores y m\u00e1s<\/li>\n<li>El drenaje de 10 pies (3 m) canaliza todo el limpiador de bobinas y el agua de manera segura a un balde de 5 galones (18.92 L) u otro recipiente<\/li>\n<li>Mantiene los pisos y los alrededores a salvo del agua y el spray limpiador<\/li>\n<\/ul>\n<p>Ideal para limpieza de mini splits<\/p>\n<p>Nota:<\/p>\n<p><em><strong>Precios y existencias sujetos a disponibilidad por se productos de alta rotaci\u00f3n.<\/strong><\/em><\/p>\n<p><em><strong>Se recomienda validar antes de hacer su compra.<\/strong><\/em><\/p>\n","protected":false},"excerpt":{"rendered":"<p>Lo m\u00e1s nuevo en la l\u00ednea de soluciones innovadoras de limpieza sin ductos. La limpieza de cassettes de techo sin ductos es una tarea abrumadora, pero ahora la hemos hecho mucho m\u00e1s f\u00e1cil. Usar agua a presi\u00f3n y un limpiador de bobinas es la clave para una buena limpieza de bobinas. Nuestro kit de babero [&hellip;]<\/p>\n","protected":false},"featured_media":736,"comment_status":"open","ping_status":"closed","template":"","meta":[],"product_cat":[20,54,47],"product_tag":[],"_links":{"self":[{"href":"https:\/\/idt-hidraulica.com\/shop\/wp-json\/wp\/v2\/product\/732"}],"collection":[{"href":"https:\/\/idt-hidraulica.com\/shop\/wp-json\/wp\/v2\/product"}],"about":[{"href":"https:\/\/idt-hidraulica.com\/shop\/wp-json\/wp\/v2\/types\/product"}],"replies":[{"embeddable":true,"href":"https:\/\/idt-hidraulica.com\/shop\/wp-json\/wp\/v2\/comments?post=732"}],"wp:featuredmedia":[{"embeddable":true,"href":"https:\/\/idt-hidraulica.com\/shop\/wp-json\/wp\/v2\/media\/736"}],"wp:attachment":[{"href":"https:\/\/idt-hidraulica.com\/shop\/wp-json\/wp\/v2\/media?parent=732"}],"wp:term":[{"taxonomy":"product_cat","embeddable":true,"href":"https:\/\/idt-hidraulica.com\/shop\/wp-json\/wp\/v2\/product_cat?post=732"},{"taxonomy":"product_tag","embeddable":true,"href":"https:\/\/idt-hidraulica.com\/shop\/wp-json\/wp\/v2\/product_tag?post=732"}],"curies":[{"name":"wp","href":"https:\/\/api.w.org\/{rel}","templated":true}]}}