{"id":745,"date":"2022-09-17T18:00:19","date_gmt":"2022-09-18T00:00:19","guid":{"rendered":"https:\/\/idt-hidraulica.com\/shop\/?post_type=product&#038;p=745"},"modified":"2023-05-01T21:45:20","modified_gmt":"2023-05-02T03:45:20","slug":"th6320wf2003-termostato-honeywell","status":"publish","type":"product","link":"https:\/\/idt-hidraulica.com\/shop\/product\/th6320wf2003-termostato-honeywell\/","title":{"rendered":"TH6320WF2003 Termostato Honeywell"},"content":{"rendered":"<p>Termostato para expansi\u00f3n directa 3h\/2c, alimentaci\u00f3n a 24 VAC, cuadrado, programable, touch, wifi<\/p>\n<p>4 a 6 semanas despu\u00e9s de la compra<\/p>\n<p>Nota:<\/p>\n<p><em><strong>Precios y existencias sujetos a disponibilidad por se productos de alta rotaci\u00f3n.<\/strong><\/em><\/p>\n<p><em><strong>Se recomienda validar antes de hacer su compra.<\/strong><\/em><\/p>\n","protected":false},"excerpt":{"rendered":"<p>Termostato para expansi\u00f3n directa 3h\/2c, alimentaci\u00f3n a 24 VAC, cuadrado, programable, touch, wifi 4 a 6 semanas despu\u00e9s de la compra Nota: Precios y existencias sujetos a disponibilidad por se productos de alta rotaci\u00f3n. Se recomienda validar antes de hacer su compra.<\/p>\n","protected":false},"featured_media":746,"comment_status":"open","ping_status":"closed","template":"","meta":[],"product_cat":[22],"product_tag":[],"_links":{"self":[{"href":"https:\/\/idt-hidraulica.com\/shop\/wp-json\/wp\/v2\/product\/745"}],"collection":[{"href":"https:\/\/idt-hidraulica.com\/shop\/wp-json\/wp\/v2\/product"}],"about":[{"href":"https:\/\/idt-hidraulica.com\/shop\/wp-json\/wp\/v2\/types\/product"}],"replies":[{"embeddable":true,"href":"https:\/\/idt-hidraulica.com\/shop\/wp-json\/wp\/v2\/comments?post=745"}],"wp:featuredmedia":[{"embeddable":true,"href":"https:\/\/idt-hidraulica.com\/shop\/wp-json\/wp\/v2\/media\/746"}],"wp:attachment":[{"href":"https:\/\/idt-hidraulica.com\/shop\/wp-json\/wp\/v2\/media?parent=745"}],"wp:term":[{"taxonomy":"product_cat","embeddable":true,"href":"https:\/\/idt-hidraulica.com\/shop\/wp-json\/wp\/v2\/product_cat?post=745"},{"taxonomy":"product_tag","embeddable":true,"href":"https:\/\/idt-hidraulica.com\/shop\/wp-json\/wp\/v2\/product_tag?post=745"}],"curies":[{"name":"wp","href":"https:\/\/api.w.org\/{rel}","templated":true}]}}