{"id":837,"date":"2023-05-01T14:03:14","date_gmt":"2023-05-01T20:03:14","guid":{"rendered":"https:\/\/idt-hidraulica.com\/shop\/?post_type=product&#038;p=837"},"modified":"2023-05-01T15:34:54","modified_gmt":"2023-05-01T21:34:54","slug":"medidor-energia-solar","status":"publish","type":"product","link":"https:\/\/idt-hidraulica.com\/shop\/product\/medidor-energia-solar\/","title":{"rendered":"Medidor Energ\u00eda Solar (Calor por Radiaci\u00f3n)"},"content":{"rendered":"<h2 class=\"ui-pdp-description__title\">Descripci\u00f3n<\/h2>\n<p class=\"ui-pdp-description__content\">Medidor de energ\u00eda solar digital, Medidor de energ\u00eda solar Probador de energ\u00eda de l\u00e1mpara solar,<br \/>Descripci\u00f3n:<\/p>\n<p>Unidades seleccionables W\/ y Btu<br \/>Funci\u00f3n de retenci\u00f3n de datos y retenci\u00f3n de es m\u00e1ximos.<br \/>Este probador de energ\u00eda solar mide el uso directo sin ajuste. Se mide<br \/>constantemente durante un per\u00edodo prolongado.<br \/>Adecuado para medici\u00f3n de radiaci\u00f3n solar, investigaci\u00f3n de energ\u00eda solar, meteorolog\u00eda, experimentos f\u00edsicos y \u00f3pticos.<\/p>\n<p>Especificaci\u00f3n:<\/p>\n<p>Material: componentes electr\u00f3nicos<br \/>Resoluci\u00f3n: 0,1 W\/, 0,1 Btu\/ (ft\u00b2-h)<br \/>Error de rango: \u00b1 10 W\/ [\u00b1 3 Btu\/ (ft\u00b2-h)] o \u00b1 5% del medio<br \/>Error de temperatura: \u00b1 0.38W\/\/\u00b0 C [\u00b1 0.12BTU\/ (ft\u00b2-h) \/\u00b0 C] cuando se desv\u00eda de 25\u00b0 C<br \/>Pantalla:<br \/>4-1\/M\u00e1ximo de visualizaci\u00f3n: 19999<br \/>Rango de medici\u00f3n: 0,1 -19999 9,9 W\/0,1-1999,9 Btu\/ (ft\u00b2-h)<br \/>Rango de longitud: 340-1100 nm<br \/>Temperatura y humedad de funcionamiento: 0 \u00b0C menos del 80% de humedad relativa<br \/>Temperatura y humedad de almacenamiento: &#8211; 50 \u00b0C menos del 70% de<br \/>energ\u00eda: 9V<\/p>\n<p>Carta del tama\u00f1o: Tama\u00f1o<\/p>\n<p>: 132x60x38 mm \/5,20&#215;2,36&#215;1,50 pulgadas<\/p>\n<p>El paquete incluye:<\/p>\n<p>Medidor de energ\u00eda solar de 1 pieza<br \/>de Estuche paquete de 1 pieza<br \/>Manual de usuario de 1 pieza<\/p>\n","protected":false},"excerpt":{"rendered":"<p>Descripci\u00f3n Medidor de energ\u00eda solar digital, Medidor de energ\u00eda solar Probador de energ\u00eda de l\u00e1mpara solar,Descripci\u00f3n: Unidades seleccionables W\/ y BtuFunci\u00f3n de retenci\u00f3n de datos y retenci\u00f3n de es m\u00e1ximos.Este probador de energ\u00eda solar mide el uso directo sin ajuste. Se mideconstantemente durante un per\u00edodo prolongado.Adecuado para medici\u00f3n de radiaci\u00f3n solar, investigaci\u00f3n de energ\u00eda solar, [&hellip;]<\/p>\n","protected":false},"featured_media":841,"comment_status":"open","ping_status":"closed","template":"","meta":[],"product_cat":[46,41,26,48],"product_tag":[],"_links":{"self":[{"href":"https:\/\/idt-hidraulica.com\/shop\/wp-json\/wp\/v2\/product\/837"}],"collection":[{"href":"https:\/\/idt-hidraulica.com\/shop\/wp-json\/wp\/v2\/product"}],"about":[{"href":"https:\/\/idt-hidraulica.com\/shop\/wp-json\/wp\/v2\/types\/product"}],"replies":[{"embeddable":true,"href":"https:\/\/idt-hidraulica.com\/shop\/wp-json\/wp\/v2\/comments?post=837"}],"wp:featuredmedia":[{"embeddable":true,"href":"https:\/\/idt-hidraulica.com\/shop\/wp-json\/wp\/v2\/media\/841"}],"wp:attachment":[{"href":"https:\/\/idt-hidraulica.com\/shop\/wp-json\/wp\/v2\/media?parent=837"}],"wp:term":[{"taxonomy":"product_cat","embeddable":true,"href":"https:\/\/idt-hidraulica.com\/shop\/wp-json\/wp\/v2\/product_cat?post=837"},{"taxonomy":"product_tag","embeddable":true,"href":"https:\/\/idt-hidraulica.com\/shop\/wp-json\/wp\/v2\/product_tag?post=837"}],"curies":[{"name":"wp","href":"https:\/\/api.w.org\/{rel}","templated":true}]}}