{"id":867,"date":"2023-05-01T17:58:53","date_gmt":"2023-05-01T23:58:53","guid":{"rendered":"https:\/\/idt-hidraulica.com\/shop\/?post_type=product&#038;p=867"},"modified":"2023-05-01T18:04:50","modified_gmt":"2023-05-02T00:04:50","slug":"termoanemometro-digital","status":"publish","type":"product","link":"https:\/\/idt-hidraulica.com\/shop\/product\/termoanemometro-digital\/","title":{"rendered":"Termoanem\u00f3metro digital"},"content":{"rendered":"<p>R\u00c1PIDO Y PRECISO: Gracias a su rueda de viento de 8 aspas, sus tama\u00f1o y sus sensores mejorados, proporciona mediciones de la velocidad del viento, la sensaci\u00f3n t\u00e9rmica y la temperatura. Rango de velocidad del viento: 0~30m\/s, precisi\u00f3n: \u00b15%. El rango de temperatura va de 14\u2109 a 113\u2109(-10\u2103 a 45\u2103). Las unidades seleccionables para la velocidad del viento son m\/s, pies\/min, nudos, km\/h, mph, \u00b0C\/\u00b0F y escala Beaufort.<br \/>\nMULTIFUNCI\u00d3N: Muestra las lecturas en la gran pantalla LCD con luz de fondo para la lectura nocturna. Viene con la funci\u00f3n de retenci\u00f3n de datos, m\u00e1ximo, m\u00ednimo, promedio, lectura de la velocidad del viento actual, un indicador de bater\u00eda baja, iluminaci\u00f3n LED, apagado manual \/ autom\u00e1tico.<br \/>\nTAMA\u00d1O DE MANO: El anem\u00f3metro digital es un anem\u00f3metro port\u00e1til que es ligero y de peque\u00f1o tama\u00f1o para que pueda llevarlo f\u00e1cilmente con usted dondequiera que vaya. Tiene un agujero de tornillo en la parte inferior que permite montarlo en un tr\u00edpode y as\u00ed, mientras tanto, puede dedicarse a otras actividades.<br \/>\nAMPLIA APLICACI\u00d3N: HVAC en interiores, Windsurf en exteriores, volar cometas, vela, tiro, caza, escalada, esqu\u00ed, windsurf, pesca, drones, conductos, deportes de nieve, snowboard, monta\u00f1ismo.<br \/>\nLO QUE OBTIENES 1 x Anem\u00f3metro Wintact, 1 x Bater\u00eda 9V 6F22, 1 x Manual de usuario en ingl\u00e9s, 12 meses de garant\u00eda, y un amable equipo de atenci\u00f3n al cliente profesional 24\/7.<\/p>\n","protected":false},"excerpt":{"rendered":"<p>R\u00c1PIDO Y PRECISO: Gracias a su rueda de viento de 8 aspas, sus tama\u00f1o y sus sensores mejorados, proporciona mediciones de la velocidad del viento, la sensaci\u00f3n t\u00e9rmica y la temperatura. Rango de velocidad del viento: 0~30m\/s, precisi\u00f3n: \u00b15%. El rango de temperatura va de 14\u2109 a 113\u2109(-10\u2103 a 45\u2103). Las unidades seleccionables para la [&hellip;]<\/p>\n","protected":false},"featured_media":869,"comment_status":"open","ping_status":"closed","template":"","meta":[],"product_cat":[51,46,41,47],"product_tag":[],"_links":{"self":[{"href":"https:\/\/idt-hidraulica.com\/shop\/wp-json\/wp\/v2\/product\/867"}],"collection":[{"href":"https:\/\/idt-hidraulica.com\/shop\/wp-json\/wp\/v2\/product"}],"about":[{"href":"https:\/\/idt-hidraulica.com\/shop\/wp-json\/wp\/v2\/types\/product"}],"replies":[{"embeddable":true,"href":"https:\/\/idt-hidraulica.com\/shop\/wp-json\/wp\/v2\/comments?post=867"}],"wp:featuredmedia":[{"embeddable":true,"href":"https:\/\/idt-hidraulica.com\/shop\/wp-json\/wp\/v2\/media\/869"}],"wp:attachment":[{"href":"https:\/\/idt-hidraulica.com\/shop\/wp-json\/wp\/v2\/media?parent=867"}],"wp:term":[{"taxonomy":"product_cat","embeddable":true,"href":"https:\/\/idt-hidraulica.com\/shop\/wp-json\/wp\/v2\/product_cat?post=867"},{"taxonomy":"product_tag","embeddable":true,"href":"https:\/\/idt-hidraulica.com\/shop\/wp-json\/wp\/v2\/product_tag?post=867"}],"curies":[{"name":"wp","href":"https:\/\/api.w.org\/{rel}","templated":true}]}}