{"id":870,"date":"2023-05-01T18:34:29","date_gmt":"2023-05-02T00:34:29","guid":{"rendered":"https:\/\/idt-hidraulica.com\/shop\/?post_type=product&#038;p=870"},"modified":"2023-05-01T18:43:12","modified_gmt":"2023-05-02T00:43:12","slug":"termohigrometro-digital","status":"publish","type":"product","link":"https:\/\/idt-hidraulica.com\/shop\/product\/termohigrometro-digital\/","title":{"rendered":"Termohigr\u00f3metro digital"},"content":{"rendered":"<p>[Pantalla con retroiluminaci\u00f3n LED dual]: El medidor de humedad y temperatura de la pantalla LCD admite una pantalla con retroiluminaci\u00f3n LED dual, que es conveniente para leer con luz brillante y de noche.<br \/>\n[Dos modos de medici\u00f3n]: Psicr\u00f3metro digital Termohigr\u00f3metro tiene dos modos de medici\u00f3n, una pantalla y una unidad de temperatura con interruptor de llave.<br \/>\n[Higr\u00f3metro]: Material: Pl\u00e1stico; Pantalla: pantalla LCD dual; Temperatura ambiente: -20 ~ 60 (-4 ~ 140 ) 0.1 (0.1 ) \u00b1 0.5 ; humedad relativa 0 ~ 100% 0,1% \u00b1 3%; temperatura de bulbo h\u00famedo -20 ~ 60 (-4 ~ 140 ) 0.1 (0.1 ) \u00b1 0.5 ; temperatura del punto de roc\u00edo -50 ~ 60 (-4 ~ 140 ) 0.1 (0.1 ) \u00b1 0.5<br \/>\n[Psicr\u00f3metro digital]: sensor de alta precisi\u00f3n, amplio rango, bajo consumo de energ\u00eda, muy conveniente, y el medidor puede detectar la temperatura ambiente y la humedad al mismo tiempo.<br \/>\n[F\u00e1cil de transportar]: este term\u00f3metro e higr\u00f3metro de mano tiene un cuerpo port\u00e1til y compacto, que es f\u00e1cil de transportar y se puede utilizar en cualquier momento.<\/p>\n","protected":false},"excerpt":{"rendered":"<p>[Pantalla con retroiluminaci\u00f3n LED dual]: El medidor de humedad y temperatura de la pantalla LCD admite una pantalla con retroiluminaci\u00f3n LED dual, que es conveniente para leer con luz brillante y de noche. [Dos modos de medici\u00f3n]: Psicr\u00f3metro digital Termohigr\u00f3metro tiene dos modos de medici\u00f3n, una pantalla y una unidad de temperatura con interruptor de [&hellip;]<\/p>\n","protected":false},"featured_media":872,"comment_status":"open","ping_status":"closed","template":"","meta":[],"product_cat":[51,40,46,41,47],"product_tag":[],"_links":{"self":[{"href":"https:\/\/idt-hidraulica.com\/shop\/wp-json\/wp\/v2\/product\/870"}],"collection":[{"href":"https:\/\/idt-hidraulica.com\/shop\/wp-json\/wp\/v2\/product"}],"about":[{"href":"https:\/\/idt-hidraulica.com\/shop\/wp-json\/wp\/v2\/types\/product"}],"replies":[{"embeddable":true,"href":"https:\/\/idt-hidraulica.com\/shop\/wp-json\/wp\/v2\/comments?post=870"}],"wp:featuredmedia":[{"embeddable":true,"href":"https:\/\/idt-hidraulica.com\/shop\/wp-json\/wp\/v2\/media\/872"}],"wp:attachment":[{"href":"https:\/\/idt-hidraulica.com\/shop\/wp-json\/wp\/v2\/media?parent=870"}],"wp:term":[{"taxonomy":"product_cat","embeddable":true,"href":"https:\/\/idt-hidraulica.com\/shop\/wp-json\/wp\/v2\/product_cat?post=870"},{"taxonomy":"product_tag","embeddable":true,"href":"https:\/\/idt-hidraulica.com\/shop\/wp-json\/wp\/v2\/product_tag?post=870"}],"curies":[{"name":"wp","href":"https:\/\/api.w.org\/{rel}","templated":true}]}}