{"id":879,"date":"2023-05-01T19:14:25","date_gmt":"2023-05-02T01:14:25","guid":{"rendered":"https:\/\/idt-hidraulica.com\/shop\/?post_type=product&#038;p=879"},"modified":"2023-05-01T20:21:52","modified_gmt":"2023-05-02T02:21:52","slug":"termohigrometro-digital-lapiz","status":"publish","type":"product","link":"https:\/\/idt-hidraulica.com\/shop\/product\/termohigrometro-digital-lapiz\/","title":{"rendered":"Termohigr\u00f3metro digital (L\u00e1piz)"},"content":{"rendered":"<h2 class=\"ui-pdp-description__title\">Descripci\u00f3n<\/h2>\n<p class=\"ui-pdp-description__content\">Con un sensor de temperatura y humedad de alta precisi\u00f3n incorporado para medir la temperatura, la humedad, el bulbo h\u00famedo y el punto de roc\u00edo, el medidor de temperatura y humedad es lo suficientemente peque\u00f1o como para llevarlo en el bolsillo.<\/p>\n<p>Caracter\u00edsticas<br \/>: medidor 4 en 1: mide con precisi\u00f3n la temperatura, la humedad, el bulbo h\u00famedo y el punto de roc\u00edo.<br \/>PR\u00c1CTICO MEDIDOR: pesa solo 1.62 onzas, mide 7 x 1.2 x 1.2 pulgadas, compacto y ligero, f\u00e1cil de transportar.<br \/>FUNCIONES PR\u00c1CTICAS: muestra grados Celsius, Fahrenheit, valor m\u00e1ximo y m\u00ednimo. valor.<br \/>F\u00c1CIL DE LEER: la retroiluminaci\u00f3n verde garantiza una visibilidad clara incluso con poca luz.<br \/>F\u00c1CIL DE USAR: sin instrucciones complicadas, extremadamente f\u00e1cil de usar. APAGADO<br \/>AUTOM\u00c1TICO: se apaga autom\u00e1ticamente despu\u00e9s de unos 30 minutos si no hay operaciones, ahorra energ\u00eda.<br \/>ALIMENTADO POR PILAS: funciona con 2 pilas AAA de 1,5 V.<br \/>APLICACI\u00d3N: se puede utilizar en el hogar, apartamentos, invernaderos, acuicultura, terrarios, etc.<\/p>\n<p>Nota:<br \/>*Consulte detenidamente el manual del usuario antes de<\/p>\n<p>usarlas. *Pilas no incluidas. Par\u00e1metros: Rango de temperatura ambiente: -20 grados Celsius ~ 60 grados Celsius (-4 grados Fahrenheit ~ 140 grados)<br \/>Precisi\u00f3n de temperatura ambiente: 0 grados Celsius ~ 45 grados Celsius m\u00e1s o menos 1 grado Celsius (otros: m\u00e1s o menos 1,5 grados Celsius)<br \/>Rango de humedad: 0,0% ~ 99,9% de<br \/>humedad relativa Precisi\u00f3n de humedad: 20 ~ 80% m\u00e1s o menos 3,0% de humedad relativa (otros: m\u00e1s o menos 4,0% de humedad relativa)<br \/>Rango de temperatura de bombilla h\u00fameda: -20 grados Celsius ~ 60 grados Celsius (-4 grados Fahrenheit ~ 140 grados Fahrenheit)<br \/>Precisi\u00f3n de temperatura de bombilla h\u00fameda: 0 grados Celsius ~ 45 grados Celsius m\u00e1s o menos 1 grado Celsius (otros: m\u00e1s o menos 1.5 grados Celsius)<br \/>Rango de temperatura del punto de roc\u00edo: -50 Grados Celsius ~ 60 grados Celsius (-58 grados Fahrenheit ~ 140 grados Fahrenheit)<br \/>Precisi\u00f3n de temperatura del punto de roc\u00edo: 0 grados Celsius ~ 45 grados Celsius m\u00e1s o menos 1 grado Celsius (otros: m\u00e1s o menos 1,5 grados Celsius)<\/p>\n<p>Especificaciones<br \/>: Marca<br \/>: HABOTEST Material<br \/>: ABS Color<br \/>: negro y rojo Potencia: 2 unidades, pilas AAA de 1,5 V (bater\u00edas no incluidas)<br \/>Tama\u00f1o del art\u00edculo: 18 x 3* 3 cm\/7,08 x 8 cm. 1,18 x 1,18 pulgadas<br \/>Peso del art\u00edculo: 46 g\/1,62 oz<br \/>Tama\u00f1o del paquete: 21,5 x 5,5 x 4,3 cm\/8,46 x 2,16 x 1,69 pulgadas<br \/>Peso del paquete: 99 g\/3,49 oz<\/p>\n<p>Lista de embalaje:<br \/>1 Termo- Higr\u00f3metro<br \/>1 Manual de usuario (ingl\u00e9s)<\/p>\n","protected":false},"excerpt":{"rendered":"<p>Descripci\u00f3n Con un sensor de temperatura y humedad de alta precisi\u00f3n incorporado para medir la temperatura, la humedad, el bulbo h\u00famedo y el punto de roc\u00edo, el medidor de temperatura y humedad es lo suficientemente peque\u00f1o como para llevarlo en el bolsillo. Caracter\u00edsticas: medidor 4 en 1: mide con precisi\u00f3n la temperatura, la humedad, el [&hellip;]<\/p>\n","protected":false},"featured_media":882,"comment_status":"open","ping_status":"closed","template":"","meta":[],"product_cat":[51,46,41,47],"product_tag":[],"_links":{"self":[{"href":"https:\/\/idt-hidraulica.com\/shop\/wp-json\/wp\/v2\/product\/879"}],"collection":[{"href":"https:\/\/idt-hidraulica.com\/shop\/wp-json\/wp\/v2\/product"}],"about":[{"href":"https:\/\/idt-hidraulica.com\/shop\/wp-json\/wp\/v2\/types\/product"}],"replies":[{"embeddable":true,"href":"https:\/\/idt-hidraulica.com\/shop\/wp-json\/wp\/v2\/comments?post=879"}],"wp:featuredmedia":[{"embeddable":true,"href":"https:\/\/idt-hidraulica.com\/shop\/wp-json\/wp\/v2\/media\/882"}],"wp:attachment":[{"href":"https:\/\/idt-hidraulica.com\/shop\/wp-json\/wp\/v2\/media?parent=879"}],"wp:term":[{"taxonomy":"product_cat","embeddable":true,"href":"https:\/\/idt-hidraulica.com\/shop\/wp-json\/wp\/v2\/product_cat?post=879"},{"taxonomy":"product_tag","embeddable":true,"href":"https:\/\/idt-hidraulica.com\/shop\/wp-json\/wp\/v2\/product_tag?post=879"}],"curies":[{"name":"wp","href":"https:\/\/api.w.org\/{rel}","templated":true}]}}