{"id":893,"date":"2023-05-01T20:53:10","date_gmt":"2023-05-02T02:53:10","guid":{"rendered":"https:\/\/idt-hidraulica.com\/shop\/?post_type=product&#038;p=893"},"modified":"2023-11-23T16:31:46","modified_gmt":"2023-11-23T22:31:46","slug":"termomtero-contacto-digital-dual","status":"publish","type":"product","link":"https:\/\/idt-hidraulica.com\/shop\/product\/termomtero-contacto-digital-dual\/","title":{"rendered":"Term\u00f3mtero cont\u00e1cto digital DUAL"},"content":{"rendered":"<h2 class=\"ui-pdp-description__title\">Descripci\u00f3n<\/h2>\n<p class=\"ui-pdp-description__content\">Term\u00f3metro digital de contacto de 58 Fahrenheit a 2498 Fahrenheit Term\u00f3metro tipo K de doble canal para medici\u00f3n de temperatura<\/p>\n<p>Funci\u00f3n<br \/>: MULTIFUNCIONAL: term\u00f3metro con grados cent\u00edgrados, Fahrenheit, K conmutable, funci\u00f3n de bloqueo de lectura, velocidad de muestreo r\u00e1pida y compensaci\u00f3n autom\u00e1tica de temperatura, indicaci\u00f3n de bater\u00eda baja y funci\u00f3n de apagado autom\u00e1tico, etc. ALTA PRECISI\u00d3N: el medidor de temperatura est\u00e1 controlado por una especie de software de un solo chip, que es preciso y confiable, y puede utilizar cualquier termopar tipo K como temperatura Sensor. F\u00c1CIL DE OPERAR: El El term\u00f3metro termopar funciona con solo 6 botones simples y tiene instrucciones claras para usuarios principiantes y profesionales. CARCASA DE ABS: el term\u00f3metro termopar est\u00e1 hecho de ABS, con un dise\u00f1o de soporte para piernas de pie, la capa exterior con funda protectora a prueba de golpes puede prolongar la vida \u00fatil del term\u00f3metro de muchas maneras. ENTRADA DE DOBLE EXTREMO: adem\u00e1s de las funciones m\u00e1xima, m\u00ednima, promedio, retenci\u00f3n de datos y apagado autom\u00e1tico, una funci\u00f3n especial de c\u00e1lculo de la diferencia de temperatura est\u00e1 dise\u00f1ada para facilitar a los usuarios encuentra la diferencia entre 2 muestras.<\/p>\n<p>Especificaciones:<br \/>Tipo de art\u00edculo: term\u00f3metro digital de contacto<br \/>Material: ABS<br \/>Pantalla: LCD de 5 d\u00edgitos, pantalla m\u00e1xima 88888<br \/>Rango de medici\u00f3n: \u201450,0 grados cent\u00edgrados -1370,0 grados cent\u00edgrados, -58 Fahrenheit-2498 Fahrenheit<br \/>Potencia de resoluci\u00f3n: 0,1 grados cent\u00edgrados, 0,1 grados Fahrenheit<br \/>Precisi\u00f3n: m\u00e1s o menos 0,5 por ciento (sin incluir el error del sensor)<br \/>Entorno de almacenamiento: \u201410-50 grados cent\u00edgrados (-14-122 Fahrenheit), humedad &lt;80 por ciento<br \/>Entorno operativo: &#8211;10-50 grados cent\u00edgrados (-14-122 Fahrenheit), 0-70 por ciento de humedad relativa Fuente de<br \/>alimentaci\u00f3n: 1 bater\u00eda 6F22 de 9 V 800 mah (se env\u00eda con la bater\u00eda correspondiente)<br \/>1. Abra el paquete, saque el instrumento, coloque la bater\u00eda y coloque la tapa de la bater\u00eda y el juego de protecci\u00f3n a prueba de golpes.<br \/>2. Pulse el bot\u00f3n POWER para encender la alimentaci\u00f3n (se producir\u00e1 una breve estancia, lo cual es normal) e inserte la sonda de medici\u00f3n (termopar) en el puerto de entrada de medici\u00f3n seg\u00fan la indicaci\u00f3n positiva y cali\u00e9ntela durante 1 minuto. Para la comodidad de los usuarios, este instrumento est\u00e1 configurado con tres modos de temperatura seleccionables (grados cent\u00edgrados, Fahrenheit, K). Si necesita elegir entre grados Celsius y Fahrenheit, modo de temperatura termodin\u00e1mica, pulse la tecla grados cent\u00edgrados, Fahrenheit o K para cambiar<br \/>3. Coloque el otro extremo de la sonda en el lugar donde desee medir, espere a que el valor de la pantalla del instrumento se estabilice; en este momento, el valor de la pantalla del instrumento es el valor de temperatura del objeto medido.<br \/>4. Cuando necesite conservar los datos de medici\u00f3n, pulse HOLD para mantener la lectura, la pantalla mostrar\u00e1 el s\u00edmbolo y el valor de la pantalla se ha bloqueado, ya no cambiar\u00e1; vuelva a pulsar HOLD para cancelar la lectura y conservar la funci\u00f3n y continuar con la medici\u00f3n normal.<br \/>5. Pulse las teclas MAXIMUM, MIN y AVG, para realizar un ciclo secuencial para el bloqueo de valores m\u00e1ximos, el bloqueo de valores m\u00ednimos, el bloqueo de valores promedio y otras funciones de la conversi\u00f3n, de modo que los usuarios entiendan la ley del cambio de temperatura.<br \/>6. Inserte dos sondas termopares en el puerto de entrada de medici\u00f3n T1, T2 (tambi\u00e9n se puede insertar solo una), pulse la tecla T1, T2 y podr\u00e1 medir la temperatura de dos objetos diferentes, la pantalla LCD T1 es la temperatura del objeto T1, la pantalla LCD T2, es la temperatura del objeto T2. Pulse la tecla T1, T2 y, a continuaci\u00f3n, la pantalla LCD mostrar\u00e1 el<br \/>valor T1, T2. (es decir, la diferencia de temperatura entre dos objetos diferentes) puede medir la diferencia de temperatura entre dos objetos diferentes.<br \/>7. Una vez finalizada la medici\u00f3n, pulse la tecla POWER para apagar la alimentaci\u00f3n del instrumento.<\/p>\n<p>Lista de paquetes:<br \/>1 term\u00f3metro digital de contacto 2 x sonda<\/p>\n","protected":false},"excerpt":{"rendered":"<p>Descripci\u00f3n Term\u00f3metro digital de contacto de 58 Fahrenheit a 2498 Fahrenheit Term\u00f3metro tipo K de doble canal para medici\u00f3n de temperatura Funci\u00f3n: MULTIFUNCIONAL: term\u00f3metro con grados cent\u00edgrados, Fahrenheit, K conmutable, funci\u00f3n de bloqueo de lectura, velocidad de muestreo r\u00e1pida y compensaci\u00f3n autom\u00e1tica de temperatura, indicaci\u00f3n de bater\u00eda baja y funci\u00f3n de apagado autom\u00e1tico, etc. ALTA [&hellip;]<\/p>\n","protected":false},"featured_media":902,"comment_status":"open","ping_status":"closed","template":"","meta":[],"product_cat":[51,46,41,47],"product_tag":[],"_links":{"self":[{"href":"https:\/\/idt-hidraulica.com\/shop\/wp-json\/wp\/v2\/product\/893"}],"collection":[{"href":"https:\/\/idt-hidraulica.com\/shop\/wp-json\/wp\/v2\/product"}],"about":[{"href":"https:\/\/idt-hidraulica.com\/shop\/wp-json\/wp\/v2\/types\/product"}],"replies":[{"embeddable":true,"href":"https:\/\/idt-hidraulica.com\/shop\/wp-json\/wp\/v2\/comments?post=893"}],"wp:featuredmedia":[{"embeddable":true,"href":"https:\/\/idt-hidraulica.com\/shop\/wp-json\/wp\/v2\/media\/902"}],"wp:attachment":[{"href":"https:\/\/idt-hidraulica.com\/shop\/wp-json\/wp\/v2\/media?parent=893"}],"wp:term":[{"taxonomy":"product_cat","embeddable":true,"href":"https:\/\/idt-hidraulica.com\/shop\/wp-json\/wp\/v2\/product_cat?post=893"},{"taxonomy":"product_tag","embeddable":true,"href":"https:\/\/idt-hidraulica.com\/shop\/wp-json\/wp\/v2\/product_tag?post=893"}],"curies":[{"name":"wp","href":"https:\/\/api.w.org\/{rel}","templated":true}]}}