{"id":904,"date":"2023-05-01T23:38:42","date_gmt":"2023-05-02T05:38:42","guid":{"rendered":"https:\/\/idt-hidraulica.com\/shop\/?post_type=product&#038;p=904"},"modified":"2023-06-20T20:16:56","modified_gmt":"2023-06-21T02:16:56","slug":"genenrador-10-a-12-kw-220v-3f-60hz-a-gasolina","status":"publish","type":"product","link":"https:\/\/idt-hidraulica.com\/shop\/product\/genenrador-10-a-12-kw-220v-3f-60hz-a-gasolina\/","title":{"rendered":"Generador 10 a 12 kW 220V\/3F\/60Hz. a gasolina"},"content":{"rendered":"<h2 class=\"ui-pdp-description__title\">Descripci\u00f3n<\/h2>\n<p class=\"ui-pdp-description__content\">Planta de luz 10000 watts nominal 12000 watts m\u00e1ximo uso rudo<\/p>\n<p>VERSION ES A GASOLINA<\/p>\n<p>La planta puede funcionar gasolina 92 octanos<\/p>\n<p>-Marca:POWEREN<br \/>-Capacidad m\u00e1xima: 12000 Watts<br \/>-Capacidad nominal: 10000 Watts<br \/>-Motor 459CC 16HP 4 tiempo<br \/>-Gasolina Regular 87 octanos<br \/>-Tipo de arranque: El\u00e9ctrico (incluye Bater\u00eda para el arranque) \/ Manual<br \/>-Voltaje: 110 \/208V 60hz Trifasico \/ trifasica<br \/>-Amperaje Maximo: 60 Amp<br \/>-Tipo de combustible: Gasolina<br \/>-Capacidad de combustible: 25 litros<br \/>-Consumo de gasolina Por hora: 2 LXH<br \/>-Tiempo de trabajo al 50% de carga: 13 horas continuas<br \/>-Nivel de ruido: 60db a 7 metros<br \/>-Proteccion por bajo nivel de aceite<br \/>-Incluye kit de ruedas para su transportaci\u00f3n<\/p>\n","protected":false},"excerpt":{"rendered":"<p>Descripci\u00f3n Planta de luz 10000 watts nominal 12000 watts m\u00e1ximo uso rudo VERSION ES A GASOLINA La planta puede funcionar gasolina 92 octanos -Marca:POWEREN-Capacidad m\u00e1xima: 12000 Watts-Capacidad nominal: 10000 Watts-Motor 459CC 16HP 4 tiempo-Gasolina Regular 87 octanos-Tipo de arranque: El\u00e9ctrico (incluye Bater\u00eda para el arranque) \/ Manual-Voltaje: 110 \/208V 60hz Trifasico \/ trifasica-Amperaje Maximo: 60 [&hellip;]<\/p>\n","protected":false},"featured_media":906,"comment_status":"open","ping_status":"closed","template":"","meta":[],"product_cat":[53],"product_tag":[],"_links":{"self":[{"href":"https:\/\/idt-hidraulica.com\/shop\/wp-json\/wp\/v2\/product\/904"}],"collection":[{"href":"https:\/\/idt-hidraulica.com\/shop\/wp-json\/wp\/v2\/product"}],"about":[{"href":"https:\/\/idt-hidraulica.com\/shop\/wp-json\/wp\/v2\/types\/product"}],"replies":[{"embeddable":true,"href":"https:\/\/idt-hidraulica.com\/shop\/wp-json\/wp\/v2\/comments?post=904"}],"wp:featuredmedia":[{"embeddable":true,"href":"https:\/\/idt-hidraulica.com\/shop\/wp-json\/wp\/v2\/media\/906"}],"wp:attachment":[{"href":"https:\/\/idt-hidraulica.com\/shop\/wp-json\/wp\/v2\/media?parent=904"}],"wp:term":[{"taxonomy":"product_cat","embeddable":true,"href":"https:\/\/idt-hidraulica.com\/shop\/wp-json\/wp\/v2\/product_cat?post=904"},{"taxonomy":"product_tag","embeddable":true,"href":"https:\/\/idt-hidraulica.com\/shop\/wp-json\/wp\/v2\/product_tag?post=904"}],"curies":[{"name":"wp","href":"https:\/\/api.w.org\/{rel}","templated":true}]}}