{"id":912,"date":"2023-06-20T19:17:18","date_gmt":"2023-06-21T01:17:18","guid":{"rendered":"https:\/\/idt-hidraulica.com\/shop\/?post_type=product&#038;p=912"},"modified":"2023-06-20T20:00:07","modified_gmt":"2023-06-21T02:00:07","slug":"http-energetica-qro-com-shop-product-minisplit-wifi-inverter-12000-btus-1-ton-frio-220-vca-filtro-de-salud-compatible-con-alexa-y-google-home","status":"publish","type":"product","link":"https:\/\/idt-hidraulica.com\/shop\/product\/http-energetica-qro-com-shop-product-minisplit-wifi-inverter-12000-btus-1-ton-frio-220-vca-filtro-de-salud-compatible-con-alexa-y-google-home\/","title":{"rendered":"Minisplit WiFi Inverter \/ 12,000 BTUs (1 TON) \/ Fr\u00edo \/ 220 Vca \/ Filtro de Salud \/ Compatible con Alexa y Google Home"},"content":{"rendered":"<p>Modelo:&nbsp;<span class=\"modelo-marca\">CCI-12K220-S17<\/span><br \/>Marca:&nbsp;<span class=\"modelo-marca\"><a href=\"https:\/\/www.syscom.mx\/principal\/marca\/AUFIT\" data-mce-href=\"https:\/\/www.syscom.mx\/principal\/marca\/AUFIT\">AUFIT<\/a><\/span><br \/>C\u00f3digo SAT:&nbsp;<span class=\"modelo-marca\"><a id=\"p1\" name=\"\" class=\"mce-item-anchor\"><\/a>40101701<\/span><\/p>\n<p><strong>Caracter\u00edsticas principales:<\/strong><\/p>\n<ul>\n<li>M\u00f3dulo WIFI<\/li>\n<li>Tecnolog\u00eda: INVERTER<\/li>\n<li>SEER: 17<\/li>\n<li>Modo: S\u00f3lo fr\u00edo<\/li>\n<li>Filtro de alta densidad<\/li>\n<li>Limpieza autom\u00e1tica<\/li>\n<li>Auto diagn\u00f3stico<\/li>\n<li>Eco friendly<\/li>\n<li>Aplicaci\u00f3n m\u00f3vil gratuita<\/li>\n<li>Integraci\u00f3n:&nbsp;<strong>Alexa y Google Home<\/strong><\/li>\n<\/ul>\n<p><strong>Caracter\u00edsticas F\u00edsicas y El\u00e9ctricas:<\/strong><\/p>\n<ul>\n<li>Capacidad: 1 Tonelada (12,000 BTU)<\/li>\n<li>Alimentaci\u00f3n: 220 Vca \/ 60 Hz<\/li>\n<li>Potencia: 1250 W<\/li>\n<li>Refrigerante: R410a<\/li>\n<li>Peso unidad interior: 8 Kg<\/li>\n<li>Peso unidad exterior: 21.5 Kg<\/li>\n<li>Medidas unidad interior: 792 x 292 x 201 mm<\/li>\n<li>Medidas unidad exterior: 705 x 279 x 530 mm<\/li>\n<\/ul>\n<p><strong>Caracter\u00edsticas Destacadas:<\/strong><\/p>\n<p>Los aires acondicionados divididos de AUFIT son ideales para controlar la temperatura de una forma sencilla, r\u00e1pida y pr\u00e1ctica.<\/p>\n<p>Su dise\u00f1o interno permite mejorar la distribuci\u00f3n y el flujo de aire en cuatro direcciones logrando un r\u00e1pido enfriamiento en alrededor de 30s.<\/p>\n<p>Super silencioso con un ruido tan bajo como 23 dB, luz indicadora inteligente,&nbsp; auto diagn\u00f3stico para facilitar servicio de manteniento, auto reinicio, entre otras m\u00e1s funciones que hacen del equipo potente y profesional.<\/p>\n","protected":false},"excerpt":{"rendered":"<p>Modelo:&nbsp;CCI-12K220-S17Marca:&nbsp;AUFITC\u00f3digo SAT:&nbsp;40101701 Caracter\u00edsticas principales: M\u00f3dulo WIFI Tecnolog\u00eda: INVERTER SEER: 17 Modo: S\u00f3lo fr\u00edo Filtro de alta densidad Limpieza autom\u00e1tica Auto diagn\u00f3stico Eco friendly Aplicaci\u00f3n m\u00f3vil gratuita Integraci\u00f3n:&nbsp;Alexa y Google Home Caracter\u00edsticas F\u00edsicas y El\u00e9ctricas: Capacidad: 1 Tonelada (12,000 BTU) Alimentaci\u00f3n: 220 Vca \/ 60 Hz Potencia: 1250 W Refrigerante: R410a Peso unidad interior: 8 Kg [&hellip;]<\/p>\n","protected":false},"featured_media":925,"comment_status":"open","ping_status":"closed","template":"","meta":[],"product_cat":[20],"product_tag":[],"_links":{"self":[{"href":"https:\/\/idt-hidraulica.com\/shop\/wp-json\/wp\/v2\/product\/912"}],"collection":[{"href":"https:\/\/idt-hidraulica.com\/shop\/wp-json\/wp\/v2\/product"}],"about":[{"href":"https:\/\/idt-hidraulica.com\/shop\/wp-json\/wp\/v2\/types\/product"}],"replies":[{"embeddable":true,"href":"https:\/\/idt-hidraulica.com\/shop\/wp-json\/wp\/v2\/comments?post=912"}],"wp:featuredmedia":[{"embeddable":true,"href":"https:\/\/idt-hidraulica.com\/shop\/wp-json\/wp\/v2\/media\/925"}],"wp:attachment":[{"href":"https:\/\/idt-hidraulica.com\/shop\/wp-json\/wp\/v2\/media?parent=912"}],"wp:term":[{"taxonomy":"product_cat","embeddable":true,"href":"https:\/\/idt-hidraulica.com\/shop\/wp-json\/wp\/v2\/product_cat?post=912"},{"taxonomy":"product_tag","embeddable":true,"href":"https:\/\/idt-hidraulica.com\/shop\/wp-json\/wp\/v2\/product_tag?post=912"}],"curies":[{"name":"wp","href":"https:\/\/api.w.org\/{rel}","templated":true}]}}