{"id":958,"date":"2023-10-09T15:24:34","date_gmt":"2023-10-09T21:24:34","guid":{"rendered":"https:\/\/idt-hidraulica.com\/shop\/?post_type=product&#038;p=958"},"modified":"2023-10-09T15:25:34","modified_gmt":"2023-10-09T21:25:34","slug":"medidor-de-flujo-electromagnetico-12-plg","status":"publish","type":"product","link":"https:\/\/idt-hidraulica.com\/shop\/product\/medidor-de-flujo-electromagnetico-12-plg\/","title":{"rendered":"Medidor de flujo electromagn\u00e9tico &#8211; 12 plg"},"content":{"rendered":"<h4 align=\"start\"><strong>Rendimiento y caracter\u00edsticas<\/strong><\/h4>\n<ul>\n<li>Es adecuado para todas las pruebas de flujo de l\u00edquido de conductividad superior a 5. El cambio de conductividad no afecta al rendimiento del cambio.<\/li>\n<li>El medidor de flujo tiene una alta precisi\u00f3n de medici\u00f3n a largo plazo. En realidad, no se ve afectado por las propiedades f\u00edsicas de los fluidos. La precisi\u00f3n de la medici\u00f3n puede ser de hasta 1, 0,5 (opcional).<\/li>\n<li>El medidor de flujo no tiene partes mec\u00e1nicas ni m\u00f3viles, generalmente sin mantenimiento.<\/li>\n<li>Operaci\u00f3n conveniente, el medidor de flujo se configura autom\u00e1ticamente de acuerdo con el alcance de 0 ~ 10 m \/ s, sin cambiar el rango de medici\u00f3n.<\/li>\n<li>Debido a que todas las partes en contacto con el medio bajo prueba, tienen buena resistencia a la corrosi\u00f3n y al desgaste, por lo que la aplicabilidad es amplia.<\/li>\n<li>En el medio de medici\u00f3n que contiene aceite o en la superficie del electrodo sedimentario cubre una capa de medio de material conductor, puede elegir un electrodo convertible (fregado).<\/li>\n<li>Utilice un algoritmo de excitaci\u00f3n avanzado.<\/li>\n<li>Usando el circuito integrado m\u00e1s excelente del mundo para eliminar la influencia del interruptor de excitaci\u00f3n y usando el m\u00e9todo de compensaci\u00f3n de la corriente de excitaci\u00f3n, finalmente hasta la estabilidad \u00f3ptima del producto.<\/li>\n<li>Utilice alta eficiencia, alta estabilidad y dise\u00f1e el amplio rango de entrada de m\u00faltiples conjuntos de la fuente de alimentaci\u00f3n del interruptor de aislamiento: 127VAC<\/li>\n<\/ul>\n<p align=\"start\"><!--more--><\/p>\n<h5 align=\"left\"><strong>Tener una gran cantidad de dise\u00f1o de interfaz de salida, usando convenientemente:<\/strong><\/h5>\n<p align=\"left\">A) Salida de corriente de 4-20 mA;<\/p>\n<p align=\"left\">B) La interfaz MODBUS RS485. Funci\u00f3n de autocomprobaci\u00f3n.<\/p>\n<ul>\n<li>Pantalla LCD principal retroiluminada de alta definici\u00f3n de cuatro l\u00edneas en una pantalla grande.<\/li>\n<li>Cuando se apaga, la EEPROM puede proteger los par\u00e1metros establecidos y el valor total.<\/li>\n<li>Proporciona una funci\u00f3n de correcci\u00f3n no lineal de cinco secciones del sensor<\/li>\n<li>Con funciones de operaci\u00f3n autom\u00e1tica para caudal promedio, f\u00e1cil calibraci\u00f3n del instrumento.<\/li>\n<\/ul>\n<h4 align=\"start\"><strong>Condiciones de trabajo:<\/strong><\/h4>\n<ul>\n<li>Temperatura ambiente -20- 55\u00b0C<\/li>\n<li>Humedad ambiental 5% &#8211; 95%<\/li>\n<li>Fuente de alimentaci\u00f3n 127VAC<\/li>\n<li>Potencia de funcionamiento &lt;10 W<\/li>\n<li>Temperatura m\u00e1xima de trabajo 70\u2013140 \u00b0C<\/li>\n<\/ul>\n<h4><strong>Par\u00e1metros t\u00e9cnicos:<\/strong><\/h4>\n<p align=\"start\"><strong>Sensor:<\/strong><\/p>\n<ul>\n<li>Di\u00e1metro del sensor DN10 ~ DN600 (opcional)<\/li>\n<li>Nivel de conexi\u00f3n De acuerdo con la norma nacional GB\/T9119-2000<\/li>\n<li>La conductividad del fluido &gt;5us\/m<\/li>\n<li>Ajuste autom\u00e1tico de la velocidad media de 0 a 10 m\/s<\/li>\n<li>Interpolaci\u00f3n est\u00e1ndar de forma de electrodo<\/li>\n<li>Material del electrodo: acero inoxidable 316L<\/li>\n<li>Materiales de revestimiento PTFE<\/li>\n<li>Temperatura de medici\u00f3n: 20-140 \u00b0C<\/li>\n<li>Grado de protecci\u00f3n Est\u00e1ndar IP65<\/li>\n<li>Tipo de acoplamiento: Brida ANSI 150<\/li>\n<\/ul>\n<p align=\"left\"><strong>Convertidor:<\/strong><\/p>\n<ul>\n<li>Tipo a prueba de explosiones de grado de protecci\u00f3n<\/li>\n<li>Temperatura de funcionamiento normal: 10 ~ + 40 \u00b0C<\/li>\n<li>Temperatura de almacenamiento 0~ +40\u00b0C<\/li>\n<li>Usando la temperatura ambiente humedad relativa 5% -90%<\/li>\n<li>Fuente de alimentaci\u00f3n 127VAC<\/li>\n<li>El consumo de energ\u00eda &lt;10W<\/li>\n<li>Resistencia de carga 0-20mA, 250-750 Ohm<\/li>\n<\/ul>\n<h4 align=\"start\"><strong>Nota para la instalaci\u00f3n<\/strong><\/h4>\n<p align=\"start\" data-spm-anchor-id=\"a2g0o.detail.1000023.i0.2c508Cd78Cd73B\">1. El ambiente para la instalaci\u00f3n debe ser seco y ventoso, evite brillar con el sol, la temperatura del ambiente no supera los 50 \u00b0C.<\/p>\n<p align=\"start\">2. Debe estar lejos de un lugar magn\u00e9tico alto o de equipos el\u00e9ctricos. Como transformadores grandes, m\u00e1quinas de soldar.<\/p>\n<p align=\"start\">3. Debe estar lejos del lugar, incluido NH3, niebla \u00e1cida.<\/p>\n<p align=\"start\">4. La direcci\u00f3n del flujo de fluido es similar a la marca de flujo.<\/p>\n<p align=\"start\">5. La instalaci\u00f3n de la tuber\u00eda debe llenarse con medio de medici\u00f3n. no puede estar vac\u00edo.<\/p>\n<p align=\"start\">6. El instrumento no debe instalarse dentro de una tuber\u00eda con presi\u00f3n negativa, evitando el desprendimiento del revestimiento.<\/p>\n","protected":false},"excerpt":{"rendered":"<p>Rendimiento y caracter\u00edsticas Es adecuado para todas las pruebas de flujo de l\u00edquido de conductividad superior a 5. El cambio de conductividad no afecta al rendimiento del cambio. El medidor de flujo tiene una alta precisi\u00f3n de medici\u00f3n a largo plazo. En realidad, no se ve afectado por las propiedades f\u00edsicas de los fluidos. La [&hellip;]<\/p>\n","protected":false},"featured_media":947,"comment_status":"open","ping_status":"closed","template":"","meta":[],"product_cat":[64],"product_tag":[66,67,65,68],"_links":{"self":[{"href":"https:\/\/idt-hidraulica.com\/shop\/wp-json\/wp\/v2\/product\/958"}],"collection":[{"href":"https:\/\/idt-hidraulica.com\/shop\/wp-json\/wp\/v2\/product"}],"about":[{"href":"https:\/\/idt-hidraulica.com\/shop\/wp-json\/wp\/v2\/types\/product"}],"replies":[{"embeddable":true,"href":"https:\/\/idt-hidraulica.com\/shop\/wp-json\/wp\/v2\/comments?post=958"}],"wp:featuredmedia":[{"embeddable":true,"href":"https:\/\/idt-hidraulica.com\/shop\/wp-json\/wp\/v2\/media\/947"}],"wp:attachment":[{"href":"https:\/\/idt-hidraulica.com\/shop\/wp-json\/wp\/v2\/media?parent=958"}],"wp:term":[{"taxonomy":"product_cat","embeddable":true,"href":"https:\/\/idt-hidraulica.com\/shop\/wp-json\/wp\/v2\/product_cat?post=958"},{"taxonomy":"product_tag","embeddable":true,"href":"https:\/\/idt-hidraulica.com\/shop\/wp-json\/wp\/v2\/product_tag?post=958"}],"curies":[{"name":"wp","href":"https:\/\/api.w.org\/{rel}","templated":true}]}}